{"id":209,"date":"2025-05-06T21:59:08","date_gmt":"2025-05-06T21:59:08","guid":{"rendered":"https:\/\/ecofil.pro\/divertoys\/?post_type=product&#038;p=209"},"modified":"2025-05-08T13:37:31","modified_gmt":"2025-05-08T13:37:31","slug":"manzana-roja","status":"publish","type":"product","link":"https:\/\/ecofil.pro\/divertoys\/product\/manzana-roja\/","title":{"rendered":"Manzana roja"},"content":{"rendered":"<p>Agrega un toque divertido y frutal a tus llaves, mochila o bolso con este encantador llavero en forma de manzana. Dise\u00f1ado en impresi\u00f3n 3D, este accesorio combina color, estilo y funcionalidad en un dise\u00f1o compacto y llamativo. Ideal como detalle para regalar o para quienes aman los objetos \u00fanicos y creativos. Su forma de manzana con tallo y hoja en relieve lo convierte en una pieza original que destaca f\u00e1cilmente.<\/p>\n","protected":false},"excerpt":{"rendered":"<p>Llavero de manzana impreso en 3D, ideal para regalar o personalizar tus llaves con estilo y creatividad.<\/p>\n","protected":false},"featured_media":204,"comment_status":"open","ping_status":"closed","template":"","meta":[],"product_brand":[],"product_cat":[19],"product_tag":[],"class_list":{"0":"post-209","1":"product","2":"type-product","3":"status-publish","4":"has-post-thumbnail","6":"product_cat-frutas","8":"first","9":"instock","10":"shipping-taxable","11":"purchasable","12":"product-type-simple"},"_links":{"self":[{"href":"https:\/\/ecofil.pro\/divertoys\/wp-json\/wp\/v2\/product\/209","targetHints":{"allow":["GET"]}}],"collection":[{"href":"https:\/\/ecofil.pro\/divertoys\/wp-json\/wp\/v2\/product"}],"about":[{"href":"https:\/\/ecofil.pro\/divertoys\/wp-json\/wp\/v2\/types\/product"}],"replies":[{"embeddable":true,"href":"https:\/\/ecofil.pro\/divertoys\/wp-json\/wp\/v2\/comments?post=209"}],"wp:featuredmedia":[{"embeddable":true,"href":"https:\/\/ecofil.pro\/divertoys\/wp-json\/wp\/v2\/media\/204"}],"wp:attachment":[{"href":"https:\/\/ecofil.pro\/divertoys\/wp-json\/wp\/v2\/media?parent=209"}],"wp:term":[{"taxonomy":"product_brand","embeddable":true,"href":"https:\/\/ecofil.pro\/divertoys\/wp-json\/wp\/v2\/product_brand?post=209"},{"taxonomy":"product_cat","embeddable":true,"href":"https:\/\/ecofil.pro\/divertoys\/wp-json\/wp\/v2\/product_cat?post=209"},{"taxonomy":"product_tag","embeddable":true,"href":"https:\/\/ecofil.pro\/divertoys\/wp-json\/wp\/v2\/product_tag?post=209"}],"curies":[{"name":"wp","href":"https:\/\/api.w.org\/{rel}","templated":true}]}}